{"id":2,"date":"2014-03-17T08:38:10","date_gmt":"2014-03-17T08:38:10","guid":{"rendered":"http:\/\/www.hsg-goettingen.de\/hsg\/?page_id=2"},"modified":"2024-11-24T18:42:33","modified_gmt":"2024-11-24T17:42:33","slug":"herren-i","status":"publish","type":"page","link":"http:\/\/www.hsg-goettingen.de\/hsg\/herren-i\/","title":{"rendered":"Herren Regionsklasse Saison 2024\/2025"},"content":{"rendered":"<div id=\"pl-2\" class=\"panel-layout\">\n<div id=\"pg-2-0\" class=\"panel-grid panel-no-style\">\n<div id=\"pgc-2-0-0\" class=\"panel-grid-cell\" data-weight=\"1\">\n<div id=\"panel-2-0-0-0\" class=\"so-panel widget widget_black-studio-tinymce widget_black_studio_tinymce panel-first-child\" data-index=\"0\" data-style=\"{&quot;background_image_attachment&quot;:false,&quot;background_display&quot;:&quot;tile&quot;}\">\n<div class=\"textwidget\">\n<p><img loading=\"lazy\" decoding=\"async\" class=\"aligncenter wp-image-2784 size-large\" src=\"http:\/\/www.hsg-goettingen.de\/hsg\/wp-content\/uploads\/2018\/09\/Herren-gro\u00df-18-19-2-2048x1225.jpg\" alt=\"\" width=\"620\" height=\"371\" srcset=\"http:\/\/www.hsg-goettingen.de\/hsg\/wp-content\/uploads\/2018\/09\/Herren-gro\u00df-18-19-2-2048x1225.jpg 2048w, http:\/\/www.hsg-goettingen.de\/hsg\/wp-content\/uploads\/2018\/09\/Herren-gro\u00df-18-19-2-300x179.jpg 300w, http:\/\/www.hsg-goettingen.de\/hsg\/wp-content\/uploads\/2018\/09\/Herren-gro\u00df-18-19-2-768x459.jpg 768w\" sizes=\"auto, (max-width: 620px) 100vw, 620px\" \/><\/p>\n<p style=\"text-align: center;\">Hinten (v.l.): Dennis Dreyer, Finn Hollenbach, Anselm Seven, Lucas D\u00fcerkop, Harald Feine, Nils Heger, Fabian Herzberg<br \/>\nVorne (v.l.): Marco Dreyer, Karsten Mu\u00dfmann, Jonathan Mohr, Maik Uhde, J\u00f6rg Melchien, Marco Ziemann<\/p>\n<p style=\"text-align: center;\">Es fehlen: Marcel Hoppe, Christopher Nickel, Eugen Peis, Marcus Rombowski<\/p>\n<p style=\"text-align: center;\"><strong>Trainingszeiten:<\/strong> Dienstag 19.00 &#8211; 21.30 Sporthalle MPG<\/p>\n<p style=\"text-align: center;\"><b>Ansprechpartner: <\/b><\/p>\n<p style=\"text-align: center;\">Karsten Mu\u00dfmann<br \/>\nE-Mail: katatimu@aol.com<\/p>\n<\/div>\n<\/div>\n<p style=\"text-align: center;\"><a href=\"https:\/\/hvn-handball.liga.nu\/cgi-bin\/WebObjects\/nuLigaHBDE.woa\/wa\/groupPage?championship=HRSN+2021%2F22&amp;group=276306\" target=\"_blank\" rel=\"noopener noreferrer\">Die aktuellen Informationen \u00fcber den Spielbetrieb findest du hier<\/a><\/p>\n<div id=\"panel-2-0-0-0\" class=\"so-panel widget widget_black-studio-tinymce widget_black_studio_tinymce panel-first-child\" data-index=\"0\" data-style=\"{&quot;background_image_attachment&quot;:false,&quot;background_display&quot;:&quot;tile&quot;}\">\n<div class=\"textwidget\"><\/div>\n<\/div>\n<div id=\"panel-2-0-0-1\" class=\"so-panel widget widget_mh_custom_posts mh_custom_posts panel-last-child\" data-index=\"1\"><\/div>\n<\/div>\n<\/div>\n<\/div>\n","protected":false},"excerpt":{"rendered":"<p>Hinten (v.l.): Dennis Dreyer, Finn Hollenbach, Anselm Seven, Lucas D\u00fcerkop, Harald Feine, Nils Heger, Fabian Herzberg Vorne (v.l.): Marco Dreyer, Karsten Mu\u00dfmann, Jonathan Mohr, Maik Uhde, J\u00f6rg Melchien, Marco Ziemann Es fehlen: Marcel Hoppe, Christopher Nickel, Eugen Peis, Marcus Rombowski Trainingszeiten: Dienstag 19.00 &#8211; 21.30 Sporthalle MPG Ansprechpartner: Karsten Mu\u00dfmann E-Mail: katatimu@aol.com Die aktuellen Informationen [&hellip;]<\/p>\n","protected":false},"author":27,"featured_media":0,"parent":0,"menu_order":3,"comment_status":"open","ping_status":"open","template":"","meta":{"jetpack_post_was_ever_published":false,"footnotes":""},"class_list":["post-2","page","type-page","status-publish","hentry"],"jetpack_sharing_enabled":true,"jetpack_shortlink":"https:\/\/wp.me\/P4rFAK-2","_links":{"self":[{"href":"http:\/\/www.hsg-goettingen.de\/hsg\/wp-json\/wp\/v2\/pages\/2","targetHints":{"allow":["GET"]}}],"collection":[{"href":"http:\/\/www.hsg-goettingen.de\/hsg\/wp-json\/wp\/v2\/pages"}],"about":[{"href":"http:\/\/www.hsg-goettingen.de\/hsg\/wp-json\/wp\/v2\/types\/page"}],"author":[{"embeddable":true,"href":"http:\/\/www.hsg-goettingen.de\/hsg\/wp-json\/wp\/v2\/users\/27"}],"replies":[{"embeddable":true,"href":"http:\/\/www.hsg-goettingen.de\/hsg\/wp-json\/wp\/v2\/comments?post=2"}],"version-history":[{"count":3,"href":"http:\/\/www.hsg-goettingen.de\/hsg\/wp-json\/wp\/v2\/pages\/2\/revisions"}],"predecessor-version":[{"id":3594,"href":"http:\/\/www.hsg-goettingen.de\/hsg\/wp-json\/wp\/v2\/pages\/2\/revisions\/3594"}],"wp:attachment":[{"href":"http:\/\/www.hsg-goettingen.de\/hsg\/wp-json\/wp\/v2\/media?parent=2"}],"curies":[{"name":"wp","href":"https:\/\/api.w.org\/{rel}","templated":true}]}}