{"id":3313,"date":"2023-10-12T13:46:38","date_gmt":"2023-10-12T11:46:38","guid":{"rendered":"http:\/\/www.hsg-goettingen.de\/hsg\/colibri-wp\/"},"modified":"2024-11-24T18:28:23","modified_gmt":"2024-11-24T17:28:23","slug":"colibri-wp","status":"publish","type":"page","link":"http:\/\/www.hsg-goettingen.de\/hsg\/","title":{"rendered":"Front Page"},"content":{"rendered":"<div data-colibri-id=\"3313-c1\" class=\"style-204 style-local-3313-c1 position-relative\">\n  <!---->\n  <div data-colibri-component=\"section\" data-colibri-id=\"3313-c2\" id=\"custom\" class=\"h-section h-section-global-spacing d-flex align-items-lg-center align-items-md-center align-items-center style-226 style-local-3313-c2 position-relative\">\n    <!---->\n    <!---->\n    <div class=\"h-section-grid-container h-section-boxed-container\">\n      <!---->\n      <div data-colibri-id=\"3313-c3\" class=\"h-row-container gutters-row-lg-2 gutters-row-md-2 gutters-row-0 gutters-row-v-lg-2 gutters-row-v-md-2 gutters-row-v-2 style-235 style-local-3313-c3 position-relative\">\n        <!---->\n        <div class=\"h-row justify-content-lg-center justify-content-md-center justify-content-center align-items-lg-stretch align-items-md-stretch align-items-stretch gutters-col-lg-2 gutters-col-md-2 gutters-col-0 gutters-col-v-lg-2 gutters-col-v-md-2 gutters-col-v-2\">\n          <!---->\n          <div class=\"h-column h-column-container d-flex h-col-lg-auto h-col-md-auto h-col-auto style-236-outer style-local-3313-c4-outer\">\n            <div data-colibri-id=\"3313-c4\" class=\"d-flex h-flex-basis h-column__inner h-px-lg-2 h-px-md-2 h-px-2 v-inner-lg-2 v-inner-md-2 v-inner-2 style-236 style-local-3313-c4 position-relative\">\n              <!---->\n              <!---->\n              <div class=\"w-100 h-y-container h-column__content h-column__v-align flex-basis-100 align-self-lg-start align-self-md-start align-self-start\">\n                <!---->\n                <div data-colibri-id=\"3313-c5\" class=\"d-block style-239 style-local-3313-c5 position-relative h-element\">\n                  <!---->\n                  <div class=\"h-image__frame-container-outer\">\n                    <a href=\"http:\/\/www.hsg-goettingen.de\/hsg\/damen-1\/\" h-use-smooth-scroll=\"true\" class=\"image-link\">\n                      <div class=\"h-image__frame-container\">\n                        <!---->\n                        <!---->\n                        <img loading=\"lazy\" decoding=\"async\" width=\"1919\" height=\"1435\" src=\"http:\/\/www.hsg-goettingen.de\/hsg\/wp-content\/uploads\/2024\/10\/cropped-header2-1-scaled-1.jpg\" class=\"wp-image-3566 style-239-image style-local-3313-c5-image\" alt=\"\" srcset=\"http:\/\/www.hsg-goettingen.de\/hsg\/wp-content\/uploads\/2024\/10\/cropped-header2-1-scaled-1.jpg 1919w, http:\/\/www.hsg-goettingen.de\/hsg\/wp-content\/uploads\/2024\/10\/cropped-header2-1-scaled-1-300x224.jpg 300w, http:\/\/www.hsg-goettingen.de\/hsg\/wp-content\/uploads\/2024\/10\/cropped-header2-1-scaled-1-768x574.jpg 768w, http:\/\/www.hsg-goettingen.de\/hsg\/wp-content\/uploads\/2024\/10\/cropped-header2-1-scaled-1-1536x1149.jpg 1536w\" sizes=\"auto, (max-width: 1919px) 100vw, 1919px\" \/>\n                        <div class=\"h-image__frame h-hide-lg h-hide-md h-hide-sm style-239-frameImage style-local-3313-c5-frameImage\"><\/div>\n                      <\/div>\n                      <div class=\"style-239-caption style-local-3313-c5-caption\">\n                        Damen 1 &#8211; Verbandsliga S\u00fcd\n                      <\/div>\n                    <\/a>\n                  <\/div>\n                <\/div>\n              <\/div>\n            <\/div>\n          <\/div>\n          <div class=\"h-column h-column-container d-flex h-col-lg-auto h-col-md-auto h-col-auto style-237-outer style-local-3313-c6-outer\">\n            <div data-colibri-id=\"3313-c6\" class=\"d-flex h-flex-basis h-column__inner h-px-lg-2 h-px-md-2 h-px-2 v-inner-lg-2 v-inner-md-2 v-inner-2 style-237 style-local-3313-c6 position-relative\">\n              <!---->\n              <!---->\n              <div class=\"w-100 h-y-container h-column__content h-column__v-align flex-basis-100 align-self-lg-start align-self-md-start align-self-start\">\n                <!---->\n                <div data-colibri-id=\"3313-c7\" class=\"d-block style-240 style-local-3313-c7 position-relative h-element\">\n                  <!---->\n                  <div class=\"h-image__frame-container-outer\">\n                    <a href=\"http:\/\/www.hsg-goettingen.de\/hsg\/damen-3\/\" h-use-smooth-scroll=\"true\" class=\"image-link\">\n                      <div class=\"h-image__frame-container\">\n                        <!---->\n                        <!---->\n                        <img loading=\"lazy\" decoding=\"async\" width=\"1280\" height=\"853\" src=\"http:\/\/www.hsg-goettingen.de\/hsg\/wp-content\/uploads\/2024\/11\/PHOTO-2024-11-18-07-30-24.jpg\" class=\"wp-image-3582 style-240-image style-local-3313-c7-image\" alt=\"\" srcset=\"http:\/\/www.hsg-goettingen.de\/hsg\/wp-content\/uploads\/2024\/11\/PHOTO-2024-11-18-07-30-24.jpg 1280w, http:\/\/www.hsg-goettingen.de\/hsg\/wp-content\/uploads\/2024\/11\/PHOTO-2024-11-18-07-30-24-300x200.jpg 300w, http:\/\/www.hsg-goettingen.de\/hsg\/wp-content\/uploads\/2024\/11\/PHOTO-2024-11-18-07-30-24-768x512.jpg 768w\" sizes=\"auto, (max-width: 1280px) 100vw, 1280px\" \/>\n                        <div class=\"h-image__frame h-hide-lg h-hide-md h-hide-sm style-240-frameImage style-local-3313-c7-frameImage\"><\/div>\n                      <\/div>\n                      <div class=\"style-240-caption style-local-3313-c7-caption\">\n                        Damen 2 &#8211; Regionsliga S\u00fcd\n                      <\/div>\n                    <\/a>\n                  <\/div>\n                <\/div>\n              <\/div>\n            <\/div>\n          <\/div>\n          <div class=\"h-column h-column-container d-flex h-col-lg-auto h-col-md-auto h-col-auto style-238-outer style-local-3313-c8-outer\">\n            <div data-colibri-id=\"3313-c8\" class=\"d-flex h-flex-basis h-column__inner h-px-lg-2 h-px-md-2 h-px-2 v-inner-lg-2 v-inner-md-2 v-inner-2 style-238 style-local-3313-c8 position-relative\">\n              <!---->\n              <!---->\n              <div class=\"w-100 h-y-container h-column__content h-column__v-align flex-basis-100 align-self-lg-start align-self-md-start align-self-start\">\n                <!---->\n                <div data-colibri-id=\"3313-c9\" class=\"d-block style-241 style-local-3313-c9 position-relative h-element\">\n                  <!---->\n                  <div class=\"h-image__frame-container-outer\">\n                    <a href=\"http:\/\/www.hsg-goettingen.de\/hsg\/herren-i\/\" h-use-smooth-scroll=\"true\" class=\"image-link\">\n                      <div class=\"h-image__frame-container\">\n                        <!---->\n                        <!---->\n                        <img loading=\"lazy\" decoding=\"async\" width=\"2724\" height=\"1629\" src=\"http:\/\/www.hsg-goettingen.de\/hsg\/wp-content\/uploads\/2018\/09\/Herren-gro\u00df-18-19-2.jpg\" class=\"wp-image-2784 style-241-image style-local-3313-c9-image\" alt=\"\" srcset=\"http:\/\/www.hsg-goettingen.de\/hsg\/wp-content\/uploads\/2018\/09\/Herren-gro\u00df-18-19-2.jpg 2724w, http:\/\/www.hsg-goettingen.de\/hsg\/wp-content\/uploads\/2018\/09\/Herren-gro\u00df-18-19-2-300x179.jpg 300w, http:\/\/www.hsg-goettingen.de\/hsg\/wp-content\/uploads\/2018\/09\/Herren-gro\u00df-18-19-2-768x459.jpg 768w, http:\/\/www.hsg-goettingen.de\/hsg\/wp-content\/uploads\/2018\/09\/Herren-gro\u00df-18-19-2-2048x1225.jpg 2048w\" sizes=\"auto, (max-width: 2724px) 100vw, 2724px\" \/>\n                        <div class=\"h-image__frame h-hide-lg h-hide-md h-hide-sm style-241-frameImage style-local-3313-c9-frameImage\"><\/div>\n                      <\/div>\n                      <div class=\"style-241-caption style-local-3313-c9-caption\">\n                        Herren &#8211; Regionsliga S\u00fcd\n                      <\/div>\n                    <\/a>\n                  <\/div>\n                <\/div>\n              <\/div>\n            <\/div>\n          <\/div>\n        <\/div>\n      <\/div>\n      <div data-colibri-id=\"3313-c10\" class=\"h-row-container gutters-row-lg-2 gutters-row-md-2 gutters-row-0 gutters-row-v-lg-2 gutters-row-v-md-2 gutters-row-v-2 style-232 style-local-3313-c10 position-relative\">\n        <!---->\n        <div class=\"h-row justify-content-lg-center justify-content-md-center justify-content-center align-items-lg-stretch align-items-md-stretch align-items-stretch gutters-col-lg-2 gutters-col-md-2 gutters-col-0 gutters-col-v-lg-2 gutters-col-v-md-2 gutters-col-v-2\">\n          <!---->\n          <div class=\"h-column h-column-container d-flex h-col-lg-auto h-col-md-auto h-col-auto style-233-outer style-local-3313-c11-outer\">\n            <div data-colibri-id=\"3313-c11\" class=\"d-flex h-flex-basis h-column__inner h-px-lg-2 h-px-md-2 h-px-2 v-inner-lg-2 v-inner-md-2 v-inner-2 style-233 style-local-3313-c11 position-relative\">\n              <!---->\n              <!---->\n              <div class=\"w-100 h-y-container h-column__content h-column__v-align flex-basis-100 align-self-lg-start align-self-md-start align-self-start\">\n                <!---->\n                <div data-colibri-id=\"3313-c12\" class=\"d-block style-242 style-local-3313-c12 position-relative h-element\">\n                  <!---->\n                  <div class=\"h-image__frame-container-outer\">\n                    <a href=\"http:\/\/www.hsg-goettingen.de\/hsg\/maenlich-e\/\" h-use-smooth-scroll=\"true\" class=\"image-link\">\n                      <div class=\"h-image__frame-container\">\n                        <!---->\n                        <!---->\n                        <img loading=\"lazy\" decoding=\"async\" width=\"2048\" height=\"1516\" src=\"http:\/\/www.hsg-goettingen.de\/hsg\/wp-content\/uploads\/2023\/10\/mjD.jpg\" class=\"wp-image-3293 style-242-image style-local-3313-c12-image\" alt=\"\" srcset=\"http:\/\/www.hsg-goettingen.de\/hsg\/wp-content\/uploads\/2023\/10\/mjD.jpg 2048w, http:\/\/www.hsg-goettingen.de\/hsg\/wp-content\/uploads\/2023\/10\/mjD-300x222.jpg 300w, http:\/\/www.hsg-goettingen.de\/hsg\/wp-content\/uploads\/2023\/10\/mjD-768x569.jpg 768w, http:\/\/www.hsg-goettingen.de\/hsg\/wp-content\/uploads\/2023\/10\/mjD-1536x1137.jpg 1536w, http:\/\/www.hsg-goettingen.de\/hsg\/wp-content\/uploads\/2023\/10\/mjD-70x53.jpg 70w\" sizes=\"auto, (max-width: 2048px) 100vw, 2048px\" \/>\n                        <div class=\"h-image__frame h-hide-lg h-hide-md h-hide-sm style-242-frameImage style-local-3313-c12-frameImage\"><\/div>\n                      <\/div>\n                      <div class=\"style-242-caption style-local-3313-c12-caption\">\n                        m\u00e4nnliche Jugend D\n                      <\/div>\n                    <\/a>\n                  <\/div>\n                <\/div>\n              <\/div>\n            <\/div>\n          <\/div>\n          <div class=\"h-column h-column-container d-flex h-col-lg-auto h-col-md-auto h-col-auto style-234-outer style-local-3313-c13-outer\">\n            <div data-colibri-id=\"3313-c13\" class=\"d-flex h-flex-basis h-column__inner h-px-lg-2 h-px-md-2 h-px-2 v-inner-lg-2 v-inner-md-2 v-inner-2 style-234 style-local-3313-c13 position-relative\">\n              <!---->\n              <!---->\n              <div class=\"w-100 h-y-container h-column__content h-column__v-align flex-basis-100 align-self-lg-start align-self-md-start align-self-start\">\n                <!---->\n                <div data-colibri-id=\"3313-c14\" class=\"d-block style-243 style-local-3313-c14 position-relative h-element\">\n                  <!---->\n                  <div class=\"h-image__frame-container-outer\">\n                    <a href=\"http:\/\/www.hsg-goettingen.de\/hsg\/minis\/\" h-use-smooth-scroll=\"true\" class=\"image-link\">\n                      <div class=\"h-image__frame-container\">\n                        <!---->\n                        <!---->\n                        <img loading=\"lazy\" decoding=\"async\" width=\"1280\" height=\"960\" src=\"http:\/\/www.hsg-goettingen.de\/hsg\/wp-content\/uploads\/2014\/03\/Minis.jpg\" class=\"wp-image-2733 style-243-image style-local-3313-c14-image\" alt=\"\" srcset=\"http:\/\/www.hsg-goettingen.de\/hsg\/wp-content\/uploads\/2014\/03\/Minis.jpg 1280w, http:\/\/www.hsg-goettingen.de\/hsg\/wp-content\/uploads\/2014\/03\/Minis-300x225.jpg 300w, http:\/\/www.hsg-goettingen.de\/hsg\/wp-content\/uploads\/2014\/03\/Minis-768x576.jpg 768w, http:\/\/www.hsg-goettingen.de\/hsg\/wp-content\/uploads\/2014\/03\/Minis-174x131.jpg 174w, http:\/\/www.hsg-goettingen.de\/hsg\/wp-content\/uploads\/2014\/03\/Minis-70x53.jpg 70w\" sizes=\"auto, (max-width: 1280px) 100vw, 1280px\" \/>\n                        <div class=\"h-image__frame h-hide-lg h-hide-md h-hide-sm style-243-frameImage style-local-3313-c14-frameImage\"><\/div>\n                      <\/div>\n                      <div class=\"style-243-caption style-local-3313-c14-caption\">\n                        Minis\n                      <\/div>\n                    <\/a>\n                  <\/div>\n                <\/div>\n              <\/div>\n            <\/div>\n          <\/div>\n        <\/div>\n      <\/div>\n    <\/div>\n  <\/div>\n<\/div>","protected":false},"excerpt":{"rendered":"<p>Damen 1 &#8211; Verbandsliga S\u00fcd Damen 2 &#8211; Regionsliga S\u00fcd Herren &#8211; Regionsliga S\u00fcd m\u00e4nnliche Jugend D Minis<\/p>\n","protected":false},"author":32,"featured_media":0,"parent":0,"menu_order":0,"comment_status":"closed","ping_status":"closed","template":"page-templates\/homepage.php","meta":{"jetpack_post_was_ever_published":false,"footnotes":""},"class_list":["post-3313","page","type-page","status-publish","hentry"],"jetpack_sharing_enabled":true,"jetpack_shortlink":"https:\/\/wp.me\/P4rFAK-Rr","_links":{"self":[{"href":"http:\/\/www.hsg-goettingen.de\/hsg\/wp-json\/wp\/v2\/pages\/3313","targetHints":{"allow":["GET"]}}],"collection":[{"href":"http:\/\/www.hsg-goettingen.de\/hsg\/wp-json\/wp\/v2\/pages"}],"about":[{"href":"http:\/\/www.hsg-goettingen.de\/hsg\/wp-json\/wp\/v2\/types\/page"}],"author":[{"embeddable":true,"href":"http:\/\/www.hsg-goettingen.de\/hsg\/wp-json\/wp\/v2\/users\/32"}],"replies":[{"embeddable":true,"href":"http:\/\/www.hsg-goettingen.de\/hsg\/wp-json\/wp\/v2\/comments?post=3313"}],"version-history":[{"count":13,"href":"http:\/\/www.hsg-goettingen.de\/hsg\/wp-json\/wp\/v2\/pages\/3313\/revisions"}],"predecessor-version":[{"id":3585,"href":"http:\/\/www.hsg-goettingen.de\/hsg\/wp-json\/wp\/v2\/pages\/3313\/revisions\/3585"}],"wp:attachment":[{"href":"http:\/\/www.hsg-goettingen.de\/hsg\/wp-json\/wp\/v2\/media?parent=3313"}],"curies":[{"name":"wp","href":"https:\/\/api.w.org\/{rel}","templated":true}]}}