{"id":617,"date":"2014-03-18T14:11:41","date_gmt":"2014-03-18T12:11:41","guid":{"rendered":"http:\/\/www.hsg-goettingen.de\/hsg\/?page_id=617"},"modified":"2015-11-22T14:36:38","modified_gmt":"2015-11-22T13:36:38","slug":"impressum","status":"publish","type":"page","link":"http:\/\/www.hsg-goettingen.de\/hsg\/impressum\/","title":{"rendered":"Impressum"},"content":{"rendered":"<p>Die Website unter der Domain <em><strong>www.hsg-goettingen.de<\/strong><\/em> wird gef\u00fchrt von den Vereinen.<\/p>\n<p><em><strong><span style=\"color: #ff9900;\">Turn- und Wassersportverein G\u00f6ttingen von 1861 e.V.<\/span><\/strong><\/em><br \/>\nSandweg 11<br \/>\n37083 G\u00f6ttingen<br \/>\nTelefon: +49 551 705508<br \/>\nTelefax: +49 551 705559<br \/>\nE-Mail: info@waspo.de<br \/>\nInternet: www.twg1861.de<\/p>\n<p><em><strong><span style=\"color: #0000ff;\">Sportvereinigung Gro\u00df Ellershausen\/Hetjershausen e.V.<\/span><\/strong><\/em><br \/>\nOlenhuser Weg 1d<br \/>\n37079 G\u00f6ttingen<br \/>\nTelefon: 0551 96382<\/p>\n<p>Inhaltlich Verantwortlicher gem\u00e4ss \u00a7 10 Absatz 3 MDStV: (Anschrift siehe oben)<\/p>\n<p><b>Wichtiger Hinweis:<\/b><\/p>\n<p>Mit Urteil vom 12. Mai 1998 hat das Landesgericht Hamburg entschieden, dass man durch die Ausbringung eines Links die Inhalte der gelinkten Seite ggf. mit zu verantworten hat. Dies kann, so das LG, nur dadurch verhindert werden, dass man sich ausdr\u00fccklich von diesen Inhalten distanziert. Wir haben Links zu anderen Seiten gelegt. F\u00fcr alle Links gilt, dass wir keinen Einfluss auf die Gestaltung und die Inhalte dieser Seiten haben!!! Wir distanzieren uns hiermit ausdr\u00fccklich von allen Inhalten aller gelinkten Seiten auf unserer Homepage und machen uns ihre Inhalte nicht zu Eigen. Diese Erkl\u00e4rung gilt f\u00fcr alle auf unserer Homepage angebrachten Links zu externen Seiten.<\/p>\n<p>Die Zusammenstellung der Informationen erfolgte mit der gebotenen Sorgfalt. Gleichwohl \u00fcbernehmen wir keinerlei Haftung, aus welchem Rechtsgrund auch immer, f\u00fcr die Richtigkeit, Aktualit\u00e4t und Vollst\u00e4ndigkeit der \u00fcbermittelten Informationen.<br \/>\nWir behalten uns das Recht vor, die auf dieser Website angebotenen Informationen, Produkte oder Dienstleistungen ohne gesonderte Ank\u00fcndigung jederzeit zu ver\u00e4ndern oder zu aktualisieren.<\/p>\n<p><b>Downloads<\/b><br \/>\nDer Download von Programmen aus dem Download-Bereich, sowie von anderen Seiten, erfolgt auf eigene Gefahr. Eine Haftung f\u00fcr Sch\u00e4den und Beeintr\u00e4chtigungen ist ausgeschlossen. Ein Anspruch auf Schadenersatz, sowie f\u00fcr Folgesch\u00e4den jeglicher Art, ist ausgeschlossen.<\/p>\n","protected":false},"excerpt":{"rendered":"<p>Die Website unter der Domain www.hsg-goettingen.de wird gef\u00fchrt von den Vereinen. Turn- und Wassersportverein G\u00f6ttingen von 1861 e.V. Sandweg 11 37083 G\u00f6ttingen Telefon: +49 551 705508 Telefax: +49 551 705559 E-Mail: info@waspo.de Internet: www.twg1861.de Sportvereinigung Gro\u00df Ellershausen\/Hetjershausen e.V. Olenhuser Weg 1d 37079 G\u00f6ttingen Telefon: 0551 96382 Inhaltlich Verantwortlicher gem\u00e4ss \u00a7 10 Absatz 3 MDStV: (Anschrift [&hellip;]<\/p>\n","protected":false},"author":1,"featured_media":0,"parent":0,"menu_order":0,"comment_status":"open","ping_status":"open","template":"","meta":{"jetpack_post_was_ever_published":false,"footnotes":""},"class_list":["post-617","page","type-page","status-publish","hentry"],"jetpack_sharing_enabled":false,"jetpack_shortlink":"https:\/\/wp.me\/P4rFAK-9X","_links":{"self":[{"href":"http:\/\/www.hsg-goettingen.de\/hsg\/wp-json\/wp\/v2\/pages\/617","targetHints":{"allow":["GET"]}}],"collection":[{"href":"http:\/\/www.hsg-goettingen.de\/hsg\/wp-json\/wp\/v2\/pages"}],"about":[{"href":"http:\/\/www.hsg-goettingen.de\/hsg\/wp-json\/wp\/v2\/types\/page"}],"author":[{"embeddable":true,"href":"http:\/\/www.hsg-goettingen.de\/hsg\/wp-json\/wp\/v2\/users\/1"}],"replies":[{"embeddable":true,"href":"http:\/\/www.hsg-goettingen.de\/hsg\/wp-json\/wp\/v2\/comments?post=617"}],"version-history":[{"count":0,"href":"http:\/\/www.hsg-goettingen.de\/hsg\/wp-json\/wp\/v2\/pages\/617\/revisions"}],"wp:attachment":[{"href":"http:\/\/www.hsg-goettingen.de\/hsg\/wp-json\/wp\/v2\/media?parent=617"}],"curies":[{"name":"wp","href":"https:\/\/api.w.org\/{rel}","templated":true}]}}